{"id":9,"date":"2022-10-19T16:16:46","date_gmt":"2022-10-19T14:16:46","guid":{"rendered":"https:\/\/rehabilitace-barton.cz\/?page_id=9"},"modified":"2022-12-19T10:18:14","modified_gmt":"2022-12-19T09:18:14","slug":"portofolio","status":"publish","type":"page","link":"https:\/\/rehabilitace-barton.cz\/index.php\/portofolio\/","title":{"rendered":"Praxe a reference"},"content":{"rendered":"\n<div class=\"wp-block-cover alignfull\" style=\"min-height:300px;aspect-ratio:unset;\"><span aria-hidden=\"true\" class=\"wp-block-cover__background has-nv-site-bg-background-color has-background-dim-100 has-background-dim\"><\/span><div class=\"wp-block-cover__inner-container is-layout-flow wp-block-cover-is-layout-flow\">\n<div class=\"wp-block-group\"><div class=\"wp-block-group__inner-container is-layout-flow wp-block-group-is-layout-flow\">\n<h2 class=\"has-neve-link-color-color has-text-color wp-block-heading\">M\u00e1 praxe a reference<\/h2>\n\n\n\n<h2 class=\"has-neve-link-color-color has-text-color has-medium-font-size wp-block-heading\"><strong>Mou prax\u00ed a referenc\u00ed jsou spokojen\u00ed klienti-pacienti, je\u017e mi pro\u0161li rukama do dne\u0161n\u00edch dn\u016f od roku 1994 a kte\u0159\u00ed dali automaticky referenci d\u00e1le.<\/strong><\/h2>\n<\/div><\/div>\n<\/div><\/div>\n\n\n\n<div class=\"wp-block-cover alignfull\" style=\"min-height:600px;aspect-ratio:unset;\"><span aria-hidden=\"true\" class=\"wp-block-cover__background has-nv-light-bg-background-color has-background-dim-100 has-background-dim\"><\/span><div class=\"wp-block-cover__inner-container is-layout-flow wp-block-cover-is-layout-flow\">\n<div class=\"wp-block-group\"><div class=\"wp-block-group__inner-container is-layout-flow wp-block-group-is-layout-flow\">\n<div class=\"wp-block-columns are-vertically-aligned-center is-layout-flex wp-container-core-columns-is-layout-1 wp-block-columns-is-layout-flex\">\n<div class=\"wp-block-column is-vertically-aligned-center is-layout-flow wp-block-column-is-layout-flow\" style=\"flex-basis:50%\">\n<p class=\"has-neve-link-color-color has-text-color\"><strong>Soukrom\u00e1 za\u0159\u00edzen\u00ed spojen\u00e1 s&nbsp;moj\u00ed prax\u00ed:<\/strong><\/p>\n\n\n\n<p class=\"has-neve-link-color-color has-text-color\">1994: rehabilita\u010dn\u00ed praxe v&nbsp;r\u00e1mci vojensk\u00e9 z\u00e1kladn\u00ed slu\u017eby<\/p>\n\n\n\n<p class=\"has-neve-link-color-color has-text-color\">1995-96: rehabilita\u010dn\u00ed praxe v&nbsp;Jiton\u011b Sob\u011bslav s.r.o.<\/p>\n\n\n\n<p class=\"has-neve-link-color-color has-text-color\">1996-99: rehabilita\u010dn\u00ed praxe v&nbsp;l\u00e1zn\u00edch Bechyn\u011b s.r.o.<\/p>\n\n\n\n<p class=\"has-neve-link-color-color has-text-color\">1999-2001: rehabilita\u010dn\u00ed praxe v\u00a0City med s.r.o.<\/p>\n\n\n\n<p><\/p>\n\n\n\n<p class=\"has-neve-link-color-color has-text-color\">Od roku 2001 praktikuji jako OSV\u010c (praxe na \u017eivnostensk\u00fd list)<\/p>\n\n\n\n<div style=\"height:40px\" aria-hidden=\"true\" class=\"wp-block-spacer\"><\/div>\n<\/div>\n\n\n\n<div class=\"wp-block-column is-vertically-aligned-center is-layout-flow wp-block-column-is-layout-flow\" style=\"flex-basis:50%\">\n<div style=\"height:40px\" aria-hidden=\"true\" class=\"wp-block-spacer\"><\/div>\n<\/div>\n<\/div>\n<\/div><\/div>\n<\/div><\/div>\n","protected":false},"excerpt":{"rendered":"","protected":false},"author":1,"featured_media":0,"parent":0,"menu_order":0,"comment_status":"closed","ping_status":"closed","template":"","meta":{"neve_meta_sidebar":"","neve_meta_container":"","neve_meta_enable_content_width":"on","neve_meta_content_width":100,"neve_meta_title_alignment":"","neve_meta_author_avatar":"","neve_post_elements_order":"","neve_meta_disable_header":"","neve_meta_disable_footer":"","neve_meta_disable_title":"on","footnotes":""},"_links":{"self":[{"href":"https:\/\/rehabilitace-barton.cz\/index.php\/wp-json\/wp\/v2\/pages\/9"}],"collection":[{"href":"https:\/\/rehabilitace-barton.cz\/index.php\/wp-json\/wp\/v2\/pages"}],"about":[{"href":"https:\/\/rehabilitace-barton.cz\/index.php\/wp-json\/wp\/v2\/types\/page"}],"author":[{"embeddable":true,"href":"https:\/\/rehabilitace-barton.cz\/index.php\/wp-json\/wp\/v2\/users\/1"}],"replies":[{"embeddable":true,"href":"https:\/\/rehabilitace-barton.cz\/index.php\/wp-json\/wp\/v2\/comments?post=9"}],"version-history":[{"count":4,"href":"https:\/\/rehabilitace-barton.cz\/index.php\/wp-json\/wp\/v2\/pages\/9\/revisions"}],"predecessor-version":[{"id":152,"href":"https:\/\/rehabilitace-barton.cz\/index.php\/wp-json\/wp\/v2\/pages\/9\/revisions\/152"}],"wp:attachment":[{"href":"https:\/\/rehabilitace-barton.cz\/index.php\/wp-json\/wp\/v2\/media?parent=9"}],"curies":[{"name":"wp","href":"https:\/\/api.w.org\/{rel}","templated":true}]}}