{"id":172,"date":"2023-01-03T08:38:35","date_gmt":"2023-01-03T07:38:35","guid":{"rendered":"https:\/\/rehabilitace-barton.cz\/?page_id=172"},"modified":"2023-01-03T08:44:17","modified_gmt":"2023-01-03T07:44:17","slug":"princip-terapie","status":"publish","type":"page","link":"https:\/\/rehabilitace-barton.cz\/index.php\/princip-terapie\/","title":{"rendered":"Princip terapie"},"content":{"rendered":"\n<p class=\"has-text-align-left has-neve-text-color-color has-text-color\" style=\"font-size:17px\">Princip p\u016fsoben\u00ed na V\u00e1\u0161 organismus spo\u010d\u00edv\u00e1 ve vytvo\u0159en\u00ed rovnov\u00e1hy hlubok\u00e9ho nap\u011bt\u00ed v pohybov\u00e9m apar\u00e1tu. Tud\u00ed\u017e, pokud p\u0159etrv\u00e1v\u00e1 Va\u0161e bolestivost, m\u00e1te pocit, \u017ee p\u0159\u00ed\u010dina je hloub\u011bji v t\u011ble. Nerovnov\u00e1ha vznik\u00e1 ve vazivov\u00e9m syst\u00e9mu, kter\u00fd se up\u00edn\u00e1 nejen na kosti. Pokud dob\u0159e aktivuji strukturu t\u011bchto vazivov\u00fdch spojen\u00ed a propojen\u00ed nejen s kostmi, potom se stabilizuje i \u010dinnost sval\u016f jako takov\u00fdch. Vy potom vn\u00edm\u00e1te bu\u010f pocit \u00falevy nebo obnoven\u00ed pohybu, proto\u017ee se z\u00e1rove\u0148 ovlivn\u00ed struktura nervov\u00e9 tk\u00e1n\u011b. Pak se zlep\u0161\u00ed V\u00e1\u0161 pocit \u2013 \u010dili p\u0159irozen\u011b jej\u00ed \u010dinnost a inervace.<\/p>\n\n\n\n<p class=\"has-text-align-left has-neve-text-color-color has-text-color\" style=\"font-size:17px\"><strong>Na tyto stavy \u017e\u00e1dn\u00e1 forma mas\u00e1\u017e\u00ed nepom\u016f\u017ee. Ani tyto situace nevy\u0159e\u0161\u00ed a nezjist\u00ed \u017e\u00e1dn\u00e1 l\u00e9ka\u0159sk\u00e1 ani p\u0159\u00edstrojov\u00e1 vy\u0161et\u0159en\u00ed!<\/strong><\/p>\n\n\n\n<p>Je t\u0159eba si uv\u011bdomit rozd\u00edl mezi vazivovou a svalovou tk\u00e1n\u00ed. Vazivo je jako provaz, kter\u00fd je velmi tuh\u00fd na tah \u2013 ale pru\u017en\u00fd. Sval je guma, kter\u00e1 je velmi pru\u017en\u00e1 na tah \u2013 a i zp\u011bt se p\u0159irozen\u011b uvoln\u00ed (pokud se nep\u0159et\u00e1hne). Sval se m\u016f\u017ee procvi\u010dit. Vazivo v\u0161ak reaguje zbytn\u011bn\u00edm a na z\u00e1klad\u011b t\u00e9to kumulace, kde reaguje syst\u00e9m nervov\u00fd, pak vznik\u00e1 ur\u010dit\u00e1 citlivost \u2013 V\u00e1m nep\u0159irozen\u00e1. To se d\u011bje v prostoru mezi kostmi. Nab\u00edz\u00edm V\u00e1m proto co nejrychlej\u0161\u00ed regeneraci pro V\u00e1\u0161 nervov\u00fd syst\u00e9m, aby jste jeho reakci \u2013 pr\u00e1v\u011b ve vazivov\u00e9m syst\u00e9mu, nepoci\u0165ovali.<\/p>\n","protected":false},"excerpt":{"rendered":"<p>Princip p\u016fsoben\u00ed na V\u00e1\u0161 organismus spo\u010d\u00edv\u00e1 ve vytvo\u0159en\u00ed rovnov\u00e1hy hlubok\u00e9ho nap\u011bt\u00ed v pohybov\u00e9m apar\u00e1tu. Tud\u00ed\u017e, pokud p\u0159etrv\u00e1v\u00e1 Va\u0161e bolestivost, m\u00e1te pocit, \u017ee p\u0159\u00ed\u010dina je hloub\u011bji v t\u011ble. Nerovnov\u00e1ha vznik\u00e1 ve vazivov\u00e9m syst\u00e9mu, kter\u00fd se up\u00edn\u00e1 nejen na kosti. Pokud dob\u0159e aktivuji strukturu t\u011bchto vazivov\u00fdch spojen\u00ed a propojen\u00ed nejen s kostmi, potom se stabilizuje i \u010dinnost&hellip;&nbsp;<a href=\"https:\/\/rehabilitace-barton.cz\/index.php\/princip-terapie\/\" class=\"\" rel=\"bookmark\">\u010c\u00edst d\u00e1le &raquo;<span class=\"screen-reader-text\">Princip terapie<\/span><\/a><\/p>\n","protected":false},"author":1,"featured_media":0,"parent":0,"menu_order":0,"comment_status":"closed","ping_status":"closed","template":"","meta":{"neve_meta_sidebar":"","neve_meta_container":"","neve_meta_enable_content_width":"","neve_meta_content_width":0,"neve_meta_title_alignment":"","neve_meta_author_avatar":"","neve_post_elements_order":"","neve_meta_disable_header":"","neve_meta_disable_footer":"","neve_meta_disable_title":"","footnotes":""},"_links":{"self":[{"href":"https:\/\/rehabilitace-barton.cz\/index.php\/wp-json\/wp\/v2\/pages\/172"}],"collection":[{"href":"https:\/\/rehabilitace-barton.cz\/index.php\/wp-json\/wp\/v2\/pages"}],"about":[{"href":"https:\/\/rehabilitace-barton.cz\/index.php\/wp-json\/wp\/v2\/types\/page"}],"author":[{"embeddable":true,"href":"https:\/\/rehabilitace-barton.cz\/index.php\/wp-json\/wp\/v2\/users\/1"}],"replies":[{"embeddable":true,"href":"https:\/\/rehabilitace-barton.cz\/index.php\/wp-json\/wp\/v2\/comments?post=172"}],"version-history":[{"count":1,"href":"https:\/\/rehabilitace-barton.cz\/index.php\/wp-json\/wp\/v2\/pages\/172\/revisions"}],"predecessor-version":[{"id":173,"href":"https:\/\/rehabilitace-barton.cz\/index.php\/wp-json\/wp\/v2\/pages\/172\/revisions\/173"}],"wp:attachment":[{"href":"https:\/\/rehabilitace-barton.cz\/index.php\/wp-json\/wp\/v2\/media?parent=172"}],"curies":[{"name":"wp","href":"https:\/\/api.w.org\/{rel}","templated":true}]}}