{"id":166,"date":"2023-01-03T08:36:29","date_gmt":"2023-01-03T07:36:29","guid":{"rendered":"https:\/\/rehabilitace-barton.cz\/?page_id=166"},"modified":"2023-01-03T08:40:26","modified_gmt":"2023-01-03T07:40:26","slug":"vase-navsteva","status":"publish","type":"page","link":"https:\/\/rehabilitace-barton.cz\/index.php\/vase-navsteva\/","title":{"rendered":"Va\u0161e n\u00e1v\u0161t\u011bva"},"content":{"rendered":"\n<p class=\"has-text-align-left has-neve-text-color-color has-text-color\" style=\"font-size:17px\">Prvn\u00ed n\u00e1v\u0161t\u011bvu obvykle za\u010d\u00edn\u00e1m kontrolou plosek nohou a sleduji jejich citlivost. Podle stavu citlivosti reflexn\u00edch plo\u0161ek obou Va\u0161ich nohou jsem schopen zjistit situaci pohybov\u00e9ho apar\u00e1tu. Podle Va\u0161\u00ed akutn\u00ed situace, se kterou p\u0159ich\u00e1z\u00edte, mohu ji\u017e reflexn\u011b doc\u00edlit uvoln\u011bn\u00ed nap\u011bt\u00ed v t\u011ble. Po tomto ur\u010dit\u00e9m p\u016fsoben\u00ed, nebo jen diagnostice, se soust\u0159ed\u00edm na Va\u0161e samotn\u00e9 citliv\u00e9 \u010d\u00e1sti t\u011bla.<\/p>\n\n\n\n<p class=\"has-text-align-left has-neve-text-color-color has-text-color\" style=\"font-size:17px\">Techniky zasahuj\u00ed do vazivov\u00e9ho syst\u00e9mu, kter\u00fd ovliv\u0148uje \u010dinnost nerv\u016f. Nervov\u00e9 pr\u016fb\u011bhy tak ur\u010duj\u00ed Va\u0161i kondici jak psychickou (V\u00e1\u0161 vjem, \u010dinnost sval\u016f) tak fyzickou (Va\u0161e v\u0161edn\u00ed \u010dinnosti).<\/p>\n\n\n\n<p class=\"has-text-align-left has-neve-text-color-color has-text-color\" style=\"font-size:17px\">P\u0159i rehabilita\u010dn\u00edch z\u00e1kroc\u00edch je bolest v\u017edy pod moj\u00ed i Va\u0161\u00ed kontrolou a vy\u017eaduje-li to situace, pak na nutn\u00fd bolestiv\u00fd podn\u011bt upozorn\u00edm!!<\/p>\n\n\n\n<!--more V\u00edce-->\n\n\n\n<p style=\"font-size:17px\">N\u00e1\u0161 pohybov\u00fd syst\u00e9m je v p\u00e1ru. \u00dakolem t\u00e9to metodiky je d\u00e1t balanci vazivov\u00fdm syst\u00e9m\u016fm, tam, kde jeto nutn\u00e9! Tzn. kde vznik\u00e1 Va\u0161\u00edm<br>vjemem citlivost neznamen\u00e1, \u017ee v t\u011bchto m\u00edstech je p\u0159\u00ed\u010dina Va\u0161\u00ed ur\u010dit\u00e9 citlivosti. Pokud dob\u0159e spole\u010dn\u011b stabilizujeme syst\u00e9m vaziv, pak  vznikne vlastn\u00ed, Va\u0161emu organismu p\u0159irozen\u00e1, biochemick\u00e1 reakce. Ta aktivuje nervov\u00fd syst\u00e9m tak, \u017ee p\u0159estanete vn\u00edmat citlivosti, kter\u00e9 V\u00e1m vad\u00ed a zapoj\u00edte se pln\u011b do Va\u0161\u00ed b\u011b\u017en\u00e9 \u010dinnosti. Proto V\u00e1m nab\u00edz\u00edm sled ur\u010dit\u00fdch specifick\u00fdch technik, kde nen\u00ed prioritou zp\u016fsobit  bolest, n\u00fdbr\u017e ji obej\u00edt. Neprov\u00e1d\u00edm ani tzv. prudk\u00e9 manipulace, v\u0161e budeme m\u00edt zejm\u00e9na pod Va\u0161\u00ed kontrolou.<\/p>\n","protected":false},"excerpt":{"rendered":"<p>Prvn\u00ed n\u00e1v\u0161t\u011bvu obvykle za\u010d\u00edn\u00e1m kontrolou plosek nohou a sleduji jejich citlivost. Podle stavu citlivosti reflexn\u00edch plo\u0161ek obou Va\u0161ich nohou jsem schopen zjistit situaci pohybov\u00e9ho apar\u00e1tu. Podle Va\u0161\u00ed akutn\u00ed situace, se kterou p\u0159ich\u00e1z\u00edte, mohu ji\u017e reflexn\u011b doc\u00edlit uvoln\u011bn\u00ed nap\u011bt\u00ed v t\u011ble. Po tomto ur\u010dit\u00e9m p\u016fsoben\u00ed, nebo jen diagnostice, se soust\u0159ed\u00edm na Va\u0161e samotn\u00e9 citliv\u00e9 \u010d\u00e1sti t\u011bla.&hellip;&nbsp;<a href=\"https:\/\/rehabilitace-barton.cz\/index.php\/vase-navsteva\/\" class=\"\" rel=\"bookmark\">\u010c\u00edst d\u00e1le &raquo;<span class=\"screen-reader-text\">Va\u0161e n\u00e1v\u0161t\u011bva<\/span><\/a><\/p>\n","protected":false},"author":1,"featured_media":0,"parent":0,"menu_order":0,"comment_status":"closed","ping_status":"closed","template":"","meta":{"neve_meta_sidebar":"","neve_meta_container":"","neve_meta_enable_content_width":"sdfs","neve_meta_content_width":0,"neve_meta_title_alignment":"","neve_meta_author_avatar":"","neve_post_elements_order":"","neve_meta_disable_header":"","neve_meta_disable_footer":"","neve_meta_disable_title":"","footnotes":""},"_links":{"self":[{"href":"https:\/\/rehabilitace-barton.cz\/index.php\/wp-json\/wp\/v2\/pages\/166"}],"collection":[{"href":"https:\/\/rehabilitace-barton.cz\/index.php\/wp-json\/wp\/v2\/pages"}],"about":[{"href":"https:\/\/rehabilitace-barton.cz\/index.php\/wp-json\/wp\/v2\/types\/page"}],"author":[{"embeddable":true,"href":"https:\/\/rehabilitace-barton.cz\/index.php\/wp-json\/wp\/v2\/users\/1"}],"replies":[{"embeddable":true,"href":"https:\/\/rehabilitace-barton.cz\/index.php\/wp-json\/wp\/v2\/comments?post=166"}],"version-history":[{"count":3,"href":"https:\/\/rehabilitace-barton.cz\/index.php\/wp-json\/wp\/v2\/pages\/166\/revisions"}],"predecessor-version":[{"id":175,"href":"https:\/\/rehabilitace-barton.cz\/index.php\/wp-json\/wp\/v2\/pages\/166\/revisions\/175"}],"wp:attachment":[{"href":"https:\/\/rehabilitace-barton.cz\/index.php\/wp-json\/wp\/v2\/media?parent=166"}],"curies":[{"name":"wp","href":"https:\/\/api.w.org\/{rel}","templated":true}]}}